{"id":242,"date":"2013-08-08T09:13:44","date_gmt":"2013-08-08T07:13:44","guid":{"rendered":"http:\/\/villa15-deluxe.de\/web\/?page_id=242"},"modified":"2022-11-16T13:03:01","modified_gmt":"2022-11-16T11:03:01","slug":"sex-lexikon","status":"publish","type":"page","link":"https:\/\/villa15-deluxe.de\/en\/sex-lexikon\/","title":{"rendered":"Sex Lexikon"},"content":{"rendered":"<h3>A<\/h3>\n<p><b>Analverkehr<\/b><\/p>\n<p>Der Penis wird in den After\/Anus der Partnerin (oder des Partners) eingef\u00fchrt. (Abk\u00fcrzung: AV)<\/p>\n<p><b>Auspeitschen<\/b><\/p>\n<p>SM-Praktik, auspeitschen ohne Verletzungen zum Lustgewinn.<\/p>\n<p><b>Arabisch<\/b><\/p>\n<p>Analverkehr<\/p>\n<p><b>Aphrodisiaka<\/b><\/p>\n<p>Medikament, Mittel zur Steigerung der Potenz<\/p>\n<p><b>Anal-Faust-Fick<\/b><\/p>\n<p>Penetration des Analeinganges mit der Faust. (Abk\u00fcrzung: AFF)<\/p>\n<p><b>Aktiv<\/b><\/p>\n<p>Derjenige, welcher eine sexuelle Handlung ausf\u00fchrt bzw. der f\u00fchrende beim sexuellen Akt ist und Vorgaben macht. (siehe auch Passiv)<\/p>\n<p><b>A Tergo<\/b><\/p>\n<p>Sexuelle Stellung, bei der sich der Partner im stehen, knien oder liegen von hinten der Partnerin n\u00e4hert.<\/p>\n<h3>B<\/h3>\n<p><b>BBW<\/b><\/p>\n<p>\u00bbBig Beautiful Woman\u00ab (Plural: BBW\u00b4s), steht f\u00fcr f\u00fcllige bis fettleibige, sch\u00f6ne Frauen.<\/p>\n<p><b>Besamung<\/b><\/p>\n<p>Abspritzen des Spermas ggf. auf K\u00f6rperteile der Frau.<\/p>\n<p><b>Bizarr<\/b><\/p>\n<p>Ungew\u00f6hnlich, ggf. Pervers, andersartig.<\/p>\n<p><b>Beischlaf<\/b><\/p>\n<p>Geschlechtsverkehr.<\/p>\n<p><b>Bisexuell<\/b><\/p>\n<p>Positive sexuelle Neigung eines Menschen zu beiden Geschlechtern.<\/p>\n<p><b>Butterfly<\/b><\/p>\n<p>Bei dieser Sex-Stellung sitzt die Frau auf dem liegenden Mann, und bestimmt somit den Rhythmus und Geschwindigkeit des Aktes.<\/p>\n<p><b>Bondage<\/b><\/p>\n<p>Aus der englischen Sprache stammendes Wort, von \u00bbbond\u00ab was \u00bbfesseln\u00ab bedeutet und \u00bbbondage\u00ab was \u00bbLeibeigenschaft\u00ab oder \u00bbKnechtschaft\u00ab bedeutet. Das Fesseln mit Handschellen, Seilen, etc., beim sexuellen Akt. (Abk\u00fcrzung: B&amp;D)<\/p>\n<p><b>Blasen<\/b><\/p>\n<p>Der Penis wird im Mund der Frau\/des Partners stimuliert, ggf. bis zum H\u00f6hepunkt. Teil des Vorspieles.<\/p>\n<p><b>Bl\u00fcmchensex<\/b><\/p>\n<p>Sehr z\u00e4rtlicher Geschlechtsverkehr oder Liebesakt.<\/p>\n<p><b>Bordell<\/b><\/p>\n<p>Ein Bordell (urspr. aus dem frz. \u00bbBretterh\u00fctte\u00ab, Synonyme \u00bbFreudenhaus\u00ab) ist ein Geb\u00e4ude oder Teil eines Geb\u00e4udes, in dem (\u00fcberwiegend) Frauen sexuelle Dienstleistungen gegen Entgelt anbieten.<\/p>\n<h3>C<\/h3>\n<p><b>Coitus Interruptus<\/b><\/p>\n<p>Unterbrechung des Geschlechtsverkehres vor dem Samenerguss des Mannes.<\/p>\n<p><b>Cocking<\/b><\/p>\n<p>Bondage, wobei das m\u00e4nnliche Glied umschn\u00fcrt wird.<\/p>\n<p><b>Cock-Ring<\/b><\/p>\n<p>Piercing oder Ring am Glied des Mannes zur Luststeigerung beim Geschlechtsakt.<\/p>\n<p><b>Cunnilingus<\/b><\/p>\n<p>Oralverkehr bei einer Frau.<\/p>\n<p><b>Cock and Balls-Torture<\/b><\/p>\n<p>Sexuelles Spiel, \u00bbSchwanz- und Eierfolter\u00ab. (Abk\u00fcrzung: CBT)<\/p>\n<p><b>Cross-Dressing<\/b><\/p>\n<p>Die Kleidung des anderen Geschlechtes zu tragen um sich sexuell zu befriedigen, besonders beim sexuellen Akt und bei M\u00e4nnern h\u00e4ufiger als bei Frauen verbreitet.<\/p>\n<h3>D<\/h3>\n<p><b>Deep Throat<\/b><\/p>\n<p>eine Variante des Oralsex, bei der der Penis g\u00e4nzlich im Rachen aufgenommen wird<\/p>\n<p><b>Dirne<\/b><\/p>\n<p>Altert\u00fcmlich f\u00fcr Prostituierte.<\/p>\n<p><b>Domina<\/b><\/p>\n<p>Dominante Frau (ggf. Prostituierte), die den devoten Mann\/Freier mit Lack, Leder und Peitsche zurechtweist. Zur sexuellen Luststeigerung.<\/p>\n<p><b>Date<\/b><\/p>\n<p>Amerikanisch f\u00fcr Treffen, Verabredung, Rendezvous<\/p>\n<p><b>Dildo<\/b><\/p>\n<p>K\u00fcnstlicher Penis aus Gummi, Acryl, o.\u00e4. Zur Selbstbefriedigung oder f\u00fcr sexuelle Spiele.<\/p>\n<p><b>Dildo-Spiele<\/b><\/p>\n<p>Befriedigung oder sexuelles Spiel mit einem oder mehreren Dildos.<\/p>\n<p><b>Dirty Talking<\/b><\/p>\n<p>Aus der englischen Sprache \u00bbschmutzig reden\u00ab, d.h. das Benutzen von sexuellen Begriffen zur Luststeigerung vor oder bei dem Geschlechtsverkehr.<\/p>\n<h3>E<\/h3>\n<p><b>Erziehung<\/b><\/p>\n<p>Zurechtweisen und sexuelles Erziehen des Partners oder Freiers von dem anderen Partner oder der Prostituierten, Rollenspiel.<\/p>\n<p><b>Ejakulation<\/b><\/p>\n<p>Der m\u00e4nnliche Samenerguss.<\/p>\n<p><b>Eros-Center<\/b><\/p>\n<p>Laufhaus, f\u00fcr Freier die Prostituierte aufsuchen<\/p>\n<p><b>Eupareunie<\/b><\/p>\n<p>Orgasmus von Frau und Mann gleichzeitig.<\/p>\n<p><b>Eier lecken<\/b><\/p>\n<p>Girl \u00bbumsorgt\u00ab die Hoden des Mannes mit Lippen und Zunge ggf. bis zum Orgasmus. (Abk\u00fcrzung: EL)<\/p>\n<h3>F<\/h3>\n<p><b>Faustfick<\/b><\/p>\n<p>Eindringen der Hand bzw. der Faust in Vagina oder After des Partners zur sexuellen Befriedigung. Auch \u00bbFisting\u00ab genannt. (Abk\u00fcrzung: FF)<\/p>\n<p><b>Freudenhaus<\/b><\/p>\n<p>Altert\u00fcmlich f\u00fcr \u00bbBordell\u00ab<\/p>\n<p><b>Freier<\/b><\/p>\n<p>Mann, welcher eine Prostituierte f\u00fcr sexuelle Handlungen zahlt.<\/p>\n<p><b>Fingerfick<\/b><\/p>\n<p>Ein oder mehrere Finger werden in die Scheide oder den Anus gef\u00fchrt.<\/p>\n<p><b>Fu\u00dffick<\/b><\/p>\n<p>Die F\u00fc\u00dfe und Zehen werden anstatt der H\u00e4nde\/Geschlechtsteil zum Ber\u00fchren und betasten der erogenen Zonen benutzt.<\/p>\n<p><b>Flagellation<\/b><\/p>\n<p>Gegenseitiges Auspeitschen.<\/p>\n<p><b>Face Sitting<\/b><\/p>\n<p>Auf dem Gesicht des Partners sitzen, ohne Bekleidung. Abk\u00fcrzung: FS.<\/p>\n<p><b>Fetischisten<\/b><\/p>\n<p>Menschen, die spezielle Dinge (z.B. Str\u00fcmpfe, Latex, Leder, Schuhe, etc.) sexuell bevorzugen und als sehr erregend empfinden.<\/p>\n<p><b>Franz\u00f6sisch<\/b><\/p>\n<p>Sexuelle Befriedigung des Partners mit dem Mund und der Zunge.<\/p>\n<p><b>Franz\u00f6sisch Optimal<\/b><\/p>\n<p>Girl bl\u00e4st mit anschlie\u00dfender Sperma-Mundaufnahme.<\/p>\n<p><b>Franz\u00f6sisch Total<\/b><\/p>\n<p>Girl bl\u00e4st mit Sperma-Mundaufnahme und anschlie\u00dfendem Sperma schlucken.<\/p>\n<p><b>Femidom<\/b><\/p>\n<p>Frauenkondom.<\/p>\n<h3>G<\/h3>\n<p><b>Ganzk\u00f6rpermassage<\/b><\/p>\n<p>Bei dieser Massage wird der ganze K\u00f6rper einschlie\u00dflich der erogenen Zonen, bis zum Orgasmus massiert. Bei der Frau und bei dem Mann.<\/p>\n<p><b>Geschlechtsverkehr<\/b><\/p>\n<p>Geschlechtsakt. (Abk\u00fcrzung: GV)<\/p>\n<p><b>Griechisch<\/b><\/p>\n<p>Analverkehr.<\/p>\n<p><b>Gang-Bang<\/b><\/p>\n<p>Geschlechtsverkehr zwischen einer Frau und zwei oder mehreren M\u00e4nnern.<\/p>\n<p><b>Goldfisch-Sex<\/b><\/p>\n<p>Sexueller Akt oder Geschlechtsverkehr, ohne dabei die H\u00e4nde und F\u00fc\u00dfe benutzen zu d\u00fcrfen bzw. zu k\u00f6nnen.<\/p>\n<p><b>G-Punkt<\/b><\/p>\n<p>Ein sexuell erregbarer Punkt hinter dem Schambein der Frau, der durch leichten Druck\/Massage\/Reibung zu einem intensiveren Orgasmus bei der Frau f\u00fchren kann.<\/p>\n<p><b>Gruppensex<\/b><\/p>\n<p>Mehrere Personen (ab drei) im sexuellen Akt.<\/p>\n<p><b>Gesichtsbesamung<\/b><\/p>\n<p>Das Sperma wird auf das Gesicht gespritzt. (Abk\u00fcrzung: GB)<\/p>\n<p><b>Gummi<\/b><\/p>\n<p>Kondom.<\/p>\n<h3>H<\/h3>\n<p><b>Horizontales Gewerbe<\/b><\/p>\n<p>Umgangssprachlich f\u00fcr Prostitution.<\/p>\n<p><b>Hure<\/b><\/p>\n<p>Derb, umgangssprachlich f\u00fcr Prostituierte.<\/p>\n<p><b>Handmassage<\/b><\/p>\n<p>Der Penis (oder die Vagina) wird mit der Hand befriedigt.<\/p>\n<p><b>Heterosexuell<\/b><\/p>\n<p>Positive sexuelle Neigung eines Menschen zu dem anderen Geschlecht.<\/p>\n<h3>I<\/h3>\n<p><b>Intimrasur<\/b><\/p>\n<p>Rasur des Intimbereichs aus \u00e4sthetischen oder sexuellen Gr\u00fcnden.<\/p>\n<p><b>Intermammae<\/b><\/p>\n<p>Busen-Sex.<\/p>\n<p><b>Intimdusche<\/b><\/p>\n<p>Reinigung des Intimbereichs, auch aus sexuellen Gr\u00fcnden.<\/p>\n<p><b>Italienisch<\/b><\/p>\n<p>Reiben des Penis in der Achselh\u00f6hle des Partners, sexuelle Praktik.<\/p>\n<h3>J<\/h3>\n<p><b>Jelly-Beans<\/b><\/p>\n<p>Sex-Spielzeug aus Perlen, welche aus Kunststoff, Acryl, etc. bestehen. Zum Einf\u00fchren in die Scheide oder After.<\/p>\n<h3>K<\/h3>\n<p><b>Kaviar<\/b><\/p>\n<p>Ausscheidungsprodukt des Menschen\/Kot. Praktik: Verzehren oder Einschmieren des K\u00f6rpers mit F\u00e4kalien beim Geschlechtsverkehr. (Abk\u00fcrzung: KV)<\/p>\n<p><b>Kontakthof<\/b><\/p>\n<p>Au\u00dfer- oder innerhalb des Bordells zum Betrachten\/Ausw\u00e4hlen der Prostituierten.<\/p>\n<p><b>Kondom<\/b><\/p>\n<p>Empf\u00e4ngnisverh\u00fctender Gummi, der \u00fcber das steife Glied des Mannes vor dem Geschlechtsakt gestreift wird. Auch aus gesundheitlichen Gr\u00fcnden angewendet.<\/p>\n<p><b>Koberer<\/b><\/p>\n<p>Animierer, der vor einem Club bzw. Bordell die Passanten zum Eintreten animiert.<\/p>\n<p><b>Klitoris<\/b><\/p>\n<p>Sensibler, stimulierender Punkt zwischen den Schamlippen der Frau.<\/p>\n<p><b>Karezza<\/b><\/p>\n<p>Nach dem Einf\u00fchren des Penis in die Scheide regungsloses und ruhiges Verweilen des Paares um zu entspannen oder zu genie\u00dfen.<\/p>\n<p><b>Klimax<\/b><\/p>\n<p>Orgasmus.<\/p>\n<p><b>Kopulation<\/b><\/p>\n<p>Geschlechtsverkehr. Sexueller Verkehr.<\/p>\n<p><b>Kamasutra<\/b><\/p>\n<p>Aus Indien stammendes Lehrbuch f\u00fcr verschiedene au\u00dfergew\u00f6hnliche Stellungen beim Geschlechtsverkehr. Orientalische Sex-Akrobatik.<\/p>\n<p><b>K\u00f6rperbesamung<\/b><\/p>\n<p>Das Sperma wird auf den K\u00f6rper gespritzt. Abk\u00fcrzung: KB.<\/p>\n<h3>M<\/h3>\n<p><b>Massage<\/b><\/p>\n<p>Entspannendes Kneten der Haut.<\/p>\n<p><b>Masochismus<\/b><\/p>\n<p>Dem\u00fctigung und\/oder Erniedrigung durch einen anderen Menschen.<\/p>\n<p><b>Mamma Koitus<\/b><\/p>\n<p>Tittenfick. Der Penis des Mannes wird zwischen die Br\u00fcste der Frau gepresst und stimuliert, ggf. bis zum Orgasmus.<\/p>\n<p><b>Missionarstellung<\/b><\/p>\n<p>Bei dieser Stellung liegt der Mann auf der Frau. Sexuelle Standard-Stellung.<\/p>\n<p><b>Masochist<\/b><\/p>\n<p>Ein Masochist empfindet sexuelle Gef\u00fchle oder Lust dabei, sich erniedrigen und qu\u00e4len zu lassen.<\/p>\n<p><b>Masturbation<\/b><\/p>\n<p>Selbstbefriedigung der Frau.<\/p>\n<p><b>M\u00f6se<\/b><\/p>\n<p>Umgangssprachlich f\u00fcr das weibliche Geschlechtsorgan. (Umgangssprachlich auch \u00bbMuschi\u00ab genannt).<\/p>\n<h3>N<\/h3>\n<p><b>Natursekt<\/b><\/p>\n<p>Anderes Wort f\u00fcr Urin (englisch: \u00bbGolden Shower\u00ab). Der Partner wird dabei entweder mit dem Urin des anderen bespritzt, oder trinkt diesen sogar zur sexuellen Stimulation.<\/p>\n<p><b>NSa<\/b><\/p>\n<p>Natursekt aktiv (z.B.: Das Girl pinkelt auf den Herrn)<\/p>\n<p><b>NSp<\/b><\/p>\n<p>Natursekt passiv (z.B.: Das Girl l\u00e4sst sich anpinkeln)<\/p>\n<p><b>Nymphomanie<\/b><\/p>\n<p>\u00dcberdurchschnittliche Lust auf Sex. Ggf. krankhaft.<\/p>\n<p><b>Nachspiel<\/b><\/p>\n<p>Kuscheln und streicheln nach dem Geschlechtsverkehr, ggf. auch weitere sexuelle Handlungen.<\/p>\n<p><b>Neunundsechzig (69)<\/b><\/p>\n<p>Liebesstellung, bei der die Partner auf- oder nebeneinander liegen um sich mit Zunge und\/oder Mund an den Geschlechtsorganen liebkosen zu k\u00f6nnen.<\/p>\n<p><b>Necking<\/b><\/p>\n<p>K\u00fcsse und Liebkosungen, die nicht bis unterhalb des Halses gehen d\u00fcrfen. Liebesspiel.<\/p>\n<p><b>Nussknacker<\/b><\/p>\n<p>Sehr muskul\u00e4re Scheide einer Frau, umgangssprachlich.<\/p>\n<h3>O<\/h3>\n<p><b>OTK<\/b><\/p>\n<p>\u00dcber das Knie legen, den Hintern versohlen.<\/p>\n<p><b>Onanieren<\/b><\/p>\n<p>Der Mann befriedigt sich selbst.<\/p>\n<p><b>Orgasmus<\/b><\/p>\n<p>Sexueller H\u00f6hepunkt bei Mann und Frau.<\/p>\n<p><b>Oralverkehr<\/b><\/p>\n<p>Sexuelle Handlung mit dem Mund.<\/p>\n<h3>P<\/h3>\n<p><b>Pariser<\/b><\/p>\n<p>Anderer Begriff f\u00fcr Kondom.<\/p>\n<p><b>Plug<\/b><\/p>\n<p>Analdildo oder Analst\u00f6psel.<\/p>\n<p><b>Phallus<\/b><\/p>\n<p>M\u00e4nnliches Glied.<\/p>\n<p><b>Puff<\/b><\/p>\n<p>Das Wort stammt vom mittelhochdeutschen_\u00abpuffen\u00ab oder \u00bbbuffen\u00ab (= sto\u00dfen) ab. Siehe auch Bordell.<\/p>\n<p><b>Pr\u00e4servativ<\/b><\/p>\n<p>Anderer Begriff f\u00fcr Kondom.<\/p>\n<p><b>Perversion<\/b><\/p>\n<p>Abartigkeit\/Andersartigkeit.<\/p>\n<p><b>Penetration<\/b><\/p>\n<p>Der Penis wird in die Scheide (oder den Anus) gef\u00fchrt.<\/p>\n<p><b>Petting<\/b><\/p>\n<p>Gegenseitiges stimulieren der erogenen Zonen mit Lippen, Zunge, usw., ggf. ohne dabei zum Orgasmus zu kommen und ohne den Penis in die Scheide einzuf\u00fchren.<\/p>\n<p><b>Partnertausch<\/b><\/p>\n<p>Tauschen\/wechseln der Partner beim sexuellen Akt. (Abk\u00fcrzung: PT)<\/p>\n<p><b>Peep-Show<\/b><\/p>\n<p>Frauen (Ggf. auch M\u00e4nner) strippen oder tanzen nackt.<\/p>\n<p><b>Pussy<\/b><\/p>\n<p>Umgangssprachlich, englisch f\u00fcr Scheide, Vagina, aber auch f\u00fcr \u00bbFrau\u00ab.<\/p>\n<h3>Q<\/h3>\n<p><b>Quickie<\/b><\/p>\n<p>Schneller Sex<\/p>\n<p><b>Quartett<\/b><\/p>\n<p>Sexuelles Zusammenspiel von vier Personen.<\/p>\n<h3>R<\/h3>\n<p><b>Russisch<\/b><\/p>\n<p>Leichtes Stimulieren des Anus. Auch: \u00d6lmassage, Befriedigung des Mannes mit den Oberschenkeln der Frau.<\/p>\n<p><b>Rollenspiel<\/b><\/p>\n<p>Gespielte Rollen durch die Sexualpartner, zur Luststeigerung (z.B. Devot\/Dominant)<\/p>\n<p><b>Rosette<\/b><\/p>\n<p>Der Anus, entstanden aus dem Vergleich des Analeinganges mit dem Kelch einer Rose.<\/p>\n<h3>S<\/h3>\n<p><b>Sadismus<\/b><\/p>\n<p>Menschen, die sexuelle Befriedigung darin finden andere zu erniedrigen. Ggf. im sexuellen Akt.<\/p>\n<p><b>Sadomaso (Abk\u00fcrzung: S\/M)<\/b><\/p>\n<p>Verbindung aus Sadismus (qu\u00e4len) und Masochismus (qu\u00e4len lassen)<\/p>\n<p><b>Schamh\u00fcgel<\/b><\/p>\n<p>Auch Venush\u00fcgel genannt, K\u00f6rperw\u00f6lbung oberhalb der Scheide.<\/p>\n<p><b>Safer-Sex<\/b><\/p>\n<p>Gesch\u00fctzter Geschlechtsverkehr, mit Kondom.<\/p>\n<p><b>Strich<\/b><\/p>\n<p>Stra\u00dfe, auf der die Prostituierten auf und ab laufen und warten vom Freier angesprochen und ggf. mitgenommen zu werden. Gef\u00e4hrlichste Art der k\u00e4uflichen Liebe.<\/p>\n<p><b>Schenkelverkehr<\/b><\/p>\n<p>Der Penis des Mannes wird zwischen die Schenkel der Frau gepresst, nicht in die Scheide. Mit leichtem oder st\u00e4rkerem Druck der Schenkel wird der Penis sexuell bis zum Orgasmus stimuliert.<\/p>\n<p><b>SOS<\/b><\/p>\n<p>Kurze und lange St\u00f6\u00dfe beim Geschlechtsakt, um die Ejakulation zeitlich zu verz\u00f6gern.<\/p>\n<p><b>Spanking<\/b><\/p>\n<p>Das Fesseln und Auspeitschen des Partners.<\/p>\n<p><b>Spanisch<\/b><\/p>\n<p>Sexuelle Praktik, das Reiben des Gliedes zwischen den Busen der Frau.<\/p>\n<p><b>Sandwich<\/b><\/p>\n<p>Eine Frau liegt zwischen zwei M\u00e4nnern und wird von einem Anal, vom anderen vaginal befriedigt, beides gleichzeitig.<\/p>\n<p><b>Striptease<\/b><\/p>\n<p>Erotische Entkleidungsshow, von engl. \u00bbto strip\u00ab: ausziehen und \u00bbto tease\u00ab: necken, h\u00e4nseln.<\/p>\n<p><b>Sperma-Zungenk\u00fcsse<\/b><\/p>\n<p>Das Girl k\u00fcsst mit Sperma im Mund. (Abk\u00fcrzung: SpZK)<\/p>\n<h3>T<\/h3>\n<p><b>Thai-Massage<\/b><\/p>\n<p>Ganzk\u00f6rper-Massage. Der ganze K\u00f6rper des Mannes wird mit speziellen \u00d6len eingerieben.<\/p>\n<p><b>Transsexualit\u00e4t<\/b><\/p>\n<p>Bedeutet, dass sich ein Mensch mit eindeutigen Geschlechtsmerkmalen gef\u00fchlsm\u00e4\u00dfig dem anderen Geschlecht angeh\u00f6rig f\u00fchlt.<\/p>\n<p><b>Tabulos<\/b><\/p>\n<p>Sex ohne Tabus.<\/p>\n<p><b>Titten<\/b><\/p>\n<p>Derb, umgangssprachlich f\u00fcr Br\u00fcste der Frau.<\/p>\n<p><b>Transvestit<\/b><\/p>\n<p>Mann, welcher sich als Frau verkleidet. (Abk\u00fcrzung: TV)<\/p>\n<p><b>Travestie<\/b><\/p>\n<p>von lat. \u00bbtrans\u00ab (= hin\u00fcber) und \u00bbvestis\u00ab (= Bekleidung) abgeleitet. Verkleidungs-Show, in der Travestie-K\u00fcnstler auftreten.<\/p>\n<h3>U<\/h3>\n<p><b>Undinist\/Uromane<\/b><\/p>\n<p>Eine Person, welche sexuelle Urinspiele bevorzugt.<\/p>\n<h3>V<\/h3>\n<p><b>Vibrator<\/b><\/p>\n<p>K\u00fcnstlicher Penis (Dildo) aus Kunststoff o.\u00e4., auch \u00bbMassage- oder Streichelstab\u00ab, phallus\u00e4hnlich geformt, in verschiedenen Gr\u00f6\u00dfen und Formen zu haben. Ggf. mit Elektromotor zur Vibration als Bestandteil des Liebesspiels, nicht nur f\u00fcr Frauen sondern auch f\u00fcr das Liebesspiel zwischen M\u00e4nnern und Frauen.<\/p>\n<p><b>Vagina<\/b><\/p>\n<p>Weibliches Geschlechtsteil, Scheide.<\/p>\n<p><b>Vorspiel<\/b><\/p>\n<p>Die Einstimmung auf den Geschlechtsverkehr durch Streicheln und K\u00fcsse.<\/p>\n<h3>W<\/h3>\n<p><b>Wassersport<\/b><\/p>\n<p>auch engl. \u00bbWatersports\u00ab f\u00fcr sexuelle Spiele mit Urin.<\/p>\n<h3>XYZ<\/h3>\n<p><b>Zungenanal<\/b><\/p>\n<p>Sexuelle Liebkosung des Afters. Abk\u00fcrzung: ZA.<\/p>\n<p><b>Zungenkuss<\/b><\/p>\n<p>Erotischer, sexueller Mund-zu-Mund-Kuss, bei dem sich die Zungen der Partner ber\u00fchren.<\/p>\n<p><b>Zungen-Spiele<\/b><\/p>\n<p>Sexuelle Spiele mit dem Mund, orale Liebesspiele an den Geschlechtsorganen.<\/p>\n","protected":false},"excerpt":{"rendered":"<p>A Analverkehr Der Penis wird in den After\/Anus der Partnerin (oder des Partners) eingef\u00fchrt. (Abk\u00fcrzung: AV) Auspeitschen SM-Praktik, auspeitschen ohne Verletzungen zum Lustgewinn. Arabisch Analverkehr Aphrodisiaka Medikament, Mittel&#8230;<\/p>\n","protected":false},"author":1,"featured_media":0,"parent":0,"menu_order":0,"comment_status":"closed","ping_status":"closed","template":"","meta":[],"_links":{"self":[{"href":"https:\/\/villa15-deluxe.de\/en\/wp-json\/wp\/v2\/pages\/242"}],"collection":[{"href":"https:\/\/villa15-deluxe.de\/en\/wp-json\/wp\/v2\/pages"}],"about":[{"href":"https:\/\/villa15-deluxe.de\/en\/wp-json\/wp\/v2\/types\/page"}],"author":[{"embeddable":true,"href":"https:\/\/villa15-deluxe.de\/en\/wp-json\/wp\/v2\/users\/1"}],"replies":[{"embeddable":true,"href":"https:\/\/villa15-deluxe.de\/en\/wp-json\/wp\/v2\/comments?post=242"}],"version-history":[{"count":2,"href":"https:\/\/villa15-deluxe.de\/en\/wp-json\/wp\/v2\/pages\/242\/revisions"}],"predecessor-version":[{"id":244,"href":"https:\/\/villa15-deluxe.de\/en\/wp-json\/wp\/v2\/pages\/242\/revisions\/244"}],"wp:attachment":[{"href":"https:\/\/villa15-deluxe.de\/en\/wp-json\/wp\/v2\/media?parent=242"}],"curies":[{"name":"wp","href":"https:\/\/api.w.org\/{rel}","templated":true}]}}