{"id":10,"date":"2013-07-08T11:17:13","date_gmt":"2013-07-08T09:17:13","guid":{"rendered":"http:\/\/villa15-deluxe.de\/web\/?page_id=10"},"modified":"2023-04-15T12:09:23","modified_gmt":"2023-04-15T10:09:23","slug":"ambiente","status":"publish","type":"page","link":"https:\/\/villa15-deluxe.de\/fr\/ambiente\/","title":{"rendered":"Ambience"},"content":{"rendered":"<p>Nous sommes certifi\u00e9s par l&rsquo;Association f\u00e9d\u00e9rale des services sexuels (BSD) et approuv\u00e9s par l&rsquo;autorit\u00e9 de Fribourg conform\u00e9ment \u00e0 l&rsquo;article 12 de la loi sur la protection de la prostitution.<\/p>\n<p>&nbsp;<\/p>\n<p><img loading=\"lazy\" class=\"alignnone size-full wp-image-1502\" src=\"http:\/\/villa15-deluxe.de\/wp-content\/uploads\/2013\/07\/IMG-5562-bearb-990.jpg\" alt=\"IMG_5562\" width=\"640\" height=\"427\" \/> \u00a0<img loading=\"lazy\" src=\"http:\/\/villa15-deluxe.de\/wp-content\/uploads\/2013\/07\/IMG_2486.jpg\" alt=\"IMG_2486\" width=\"640\" height=\"427\" \/><img loading=\"lazy\" src=\"http:\/\/villa15-deluxe.de\/wp-content\/uploads\/2013\/07\/IMG_2506.jpg\" alt=\"IMG_2506\" width=\"640\" height=\"427\" \/> <img loading=\"lazy\" src=\"http:\/\/villa15-deluxe.de\/wp-content\/uploads\/2013\/07\/IMG_2507.jpg\" alt=\"IMG_2507\" width=\"640\" height=\"427\" \/> <img loading=\"lazy\" src=\"http:\/\/villa15-deluxe.de\/wp-content\/uploads\/2013\/07\/IMG_2509.jpg\" alt=\"IMG_2509\" width=\"640\" height=\"427\" \/><\/p>\n<p>&nbsp;<\/p>\n<p><img loading=\"lazy\" class=\"size-full wp-image-7481 alignleft\" src=\"https:\/\/villa15-deluxe.de\/wp-content\/uploads\/2019\/04\/2019-02-27.jpg\" alt=\"\" width=\"239\" height=\"239\" srcset=\"https:\/\/villa15-deluxe.de\/wp-content\/uploads\/2019\/04\/2019-02-27.jpg 239w, https:\/\/villa15-deluxe.de\/wp-content\/uploads\/2019\/04\/2019-02-27-88x88.jpg 88w\" sizes=\"(max-width: 239px) 100vw, 239px\" \/><img loading=\"lazy\" class=\"size-full wp-image-7483 alignleft\" src=\"https:\/\/villa15-deluxe.de\/wp-content\/uploads\/2019\/04\/IMG_1778.jpg\" alt=\"\" width=\"239\" height=\"239\" srcset=\"https:\/\/villa15-deluxe.de\/wp-content\/uploads\/2019\/04\/IMG_1778.jpg 239w, https:\/\/villa15-deluxe.de\/wp-content\/uploads\/2019\/04\/IMG_1778-88x88.jpg 88w\" sizes=\"(max-width: 239px) 100vw, 239px\" \/><img loading=\"lazy\" class=\"size-full wp-image-7482 alignleft\" src=\"https:\/\/villa15-deluxe.de\/wp-content\/uploads\/2019\/04\/IMG_1754.jpg\" alt=\"\" width=\"239\" height=\"239\" srcset=\"https:\/\/villa15-deluxe.de\/wp-content\/uploads\/2019\/04\/IMG_1754.jpg 239w, https:\/\/villa15-deluxe.de\/wp-content\/uploads\/2019\/04\/IMG_1754-88x88.jpg 88w\" sizes=\"(max-width: 239px) 100vw, 239px\" \/><img loading=\"lazy\" class=\"size-full wp-image-7488 alignnone\" src=\"https:\/\/villa15-deluxe.de\/wp-content\/uploads\/2019\/04\/IMG_1817.jpg\" alt=\"\" width=\"239\" height=\"239\" srcset=\"https:\/\/villa15-deluxe.de\/wp-content\/uploads\/2019\/04\/IMG_1817.jpg 239w, https:\/\/villa15-deluxe.de\/wp-content\/uploads\/2019\/04\/IMG_1817-88x88.jpg 88w\" sizes=\"(max-width: 239px) 100vw, 239px\" \/><\/p>\n<p>&nbsp;<\/p>","protected":false},"excerpt":{"rendered":"<p>Nous sommes certifi\u00e9s par l&rsquo;Association f\u00e9d\u00e9rale des services sexuels (BSD) et approuv\u00e9s par l&rsquo;autorit\u00e9 de Fribourg conform\u00e9ment \u00e0 l&rsquo;article 12 de la loi sur la protection de la&#8230;<\/p>\n","protected":false},"author":1,"featured_media":0,"parent":0,"menu_order":0,"comment_status":"closed","ping_status":"open","template":"","meta":[],"_links":{"self":[{"href":"https:\/\/villa15-deluxe.de\/fr\/wp-json\/wp\/v2\/pages\/10"}],"collection":[{"href":"https:\/\/villa15-deluxe.de\/fr\/wp-json\/wp\/v2\/pages"}],"about":[{"href":"https:\/\/villa15-deluxe.de\/fr\/wp-json\/wp\/v2\/types\/page"}],"author":[{"embeddable":true,"href":"https:\/\/villa15-deluxe.de\/fr\/wp-json\/wp\/v2\/users\/1"}],"replies":[{"embeddable":true,"href":"https:\/\/villa15-deluxe.de\/fr\/wp-json\/wp\/v2\/comments?post=10"}],"version-history":[{"count":32,"href":"https:\/\/villa15-deluxe.de\/fr\/wp-json\/wp\/v2\/pages\/10\/revisions"}],"predecessor-version":[{"id":11198,"href":"https:\/\/villa15-deluxe.de\/fr\/wp-json\/wp\/v2\/pages\/10\/revisions\/11198"}],"wp:attachment":[{"href":"https:\/\/villa15-deluxe.de\/fr\/wp-json\/wp\/v2\/media?parent=10"}],"curies":[{"name":"wp","href":"https:\/\/api.w.org\/{rel}","templated":true}]}}