{"id":2155,"date":"2015-02-13T11:16:59","date_gmt":"2015-02-13T09:16:59","guid":{"rendered":"http:\/\/villa15-deluxe.de\/?page_id=2155"},"modified":"2023-04-15T12:13:06","modified_gmt":"2023-04-15T10:13:06","slug":"hygiene","status":"publish","type":"page","link":"https:\/\/villa15-deluxe.de\/fr\/hygiene\/","title":{"rendered":"Hygiene"},"content":{"rendered":"<p>La propret\u00e9 et l&rsquo;hygi\u00e8ne sont tr\u00e8s importantes pour nous.<\/p>\n<p>Notre maison est non seulement nettoy\u00e9e r\u00e9guli\u00e8rement, mais \u00e9galement soumise \u00e0 un nettoyage de base.<br \/>\nLes produits professionnels sont utilis\u00e9s pour le nettoyage de maintenance, le nettoyage et la d\u00e9sinfection des bains \u00e0 remous.<\/p>\n<p>Notre maison:<\/p>\n<p>est r\u00e9guli\u00e8rement nettoy\u00e9 et d\u00e9sinfect\u00e9 dans tous les locaux<br \/>\na dans chaque chambre des distributeurs de mains d\u00e9sinfectants<br \/>\nn&rsquo;utilise que des draps et serviettes propres<br \/>\nnous v\u00e9rifions apr\u00e8s chaque r\u00e9servation<br \/>\nL&rsquo;hygi\u00e8ne et le nettoyage sont \u00e0 la premi\u00e8re place dans les maisons.<br \/>\nLes plantes sont maintenues propres au moyen d&rsquo;un plan d&rsquo;hygi\u00e8ne.<br \/>\nDes agents de nettoyage et de d\u00e9sinfection professionnels sont utilis\u00e9s \u00e0 cet effet,<br \/>\ncomme ils sont \u00e9galement utilis\u00e9s dans les h\u00f4pitaux et les piscines.<br \/>\nNous nous approvisionnons en contraceptifs et en produits d\u2019hygi\u00e8ne aupr\u00e8s de d\u00e9taillants sp\u00e9cialis\u00e9s.<br \/>\nLes femmes font attention \u00e0 leur sant\u00e9.<br \/>\nLes bilans de sant\u00e9 et les examens r\u00e9guliers effectu\u00e9s par des m\u00e9decins sp\u00e9cialistes sont courants.<br \/>\nAu sein de l\u2019association professionnelle des services sexuels (BSD eV), nous nous engageons \u00e0 promouvoir un large professionnalisme dans l\u2019industrie.<br \/>\nNous soutenons le centre de consultation sp\u00e9cialis\u00e9 P.I.N.K. et travaillez en \u00e9troite collaboration avec eux.<br \/>\nSi vous avez encore des questions sur l&rsquo;hygi\u00e8ne, n&rsquo;h\u00e9sitez pas \u00e0 nous contacter.<\/p>\n<p>Nous sommes certifi\u00e9s par l&rsquo;Association f\u00e9d\u00e9rale des services sexuels (BSD) et approuv\u00e9s par l&rsquo;autorit\u00e9 de Fribourg conform\u00e9ment \u00e0 l&rsquo;article 12 de la loi sur la protection de la prostitution.<\/p>\n<p>&nbsp;<\/p>\n<p>Partenaires et fournisseurs:<a href=\"http:\/\/www.bsd-ev.info\/guetesiegel\/index.php\" target=\"_blank\" rel=\"noopener\"><img loading=\"lazy\" class=\"alignnone size-full wp-image-4350\" src=\"https:\/\/villa15-deluxe.de\/wp-content\/uploads\/2013\/07\/bsd-logo-120x150_sbp.jpeg\" alt=\"\" width=\"150\" height=\"120\" \/><\/a><\/p>\n<p><a href=\"https:\/\/www.euroseptica.eu\/eshop\/index.php\"><img loading=\"lazy\" class=\"alignnone size-full wp-image-7269\" src=\"https:\/\/villa15-deluxe.de\/wp-content\/uploads\/2019\/03\/logo-euroseptica.jpg\" alt=\"\" width=\"236\" height=\"55\" \/><\/a><a href=\"https:\/\/www.claudia-versand.de\" target=\"_blank\" rel=\"noopener\"><br \/>\n<img loading=\"lazy\" class=\"alignnone wp-image-6876\" src=\"https:\/\/villa15-deluxe.de\/wp-content\/uploads\/2018\/11\/lo-cl.jpg\" alt=\"\" width=\"161\" height=\"100\" srcset=\"https:\/\/villa15-deluxe.de\/wp-content\/uploads\/2018\/11\/lo-cl.jpg 648w, https:\/\/villa15-deluxe.de\/wp-content\/uploads\/2018\/11\/lo-cl-420x258.jpg 420w, https:\/\/villa15-deluxe.de\/wp-content\/uploads\/2018\/11\/lo-cl-508x312.jpg 508w\" sizes=\"(max-width: 161px) 100vw, 161px\" \/><\/a><\/p>","protected":false},"excerpt":{"rendered":"<p>La propret\u00e9 et l&rsquo;hygi\u00e8ne sont tr\u00e8s importantes pour nous. Notre maison est non seulement nettoy\u00e9e r\u00e9guli\u00e8rement, mais \u00e9galement soumise \u00e0 un nettoyage de base. Les produits professionnels sont&#8230;<\/p>\n","protected":false},"author":1,"featured_media":0,"parent":0,"menu_order":0,"comment_status":"closed","ping_status":"open","template":"","meta":[],"_links":{"self":[{"href":"https:\/\/villa15-deluxe.de\/fr\/wp-json\/wp\/v2\/pages\/2155"}],"collection":[{"href":"https:\/\/villa15-deluxe.de\/fr\/wp-json\/wp\/v2\/pages"}],"about":[{"href":"https:\/\/villa15-deluxe.de\/fr\/wp-json\/wp\/v2\/types\/page"}],"author":[{"embeddable":true,"href":"https:\/\/villa15-deluxe.de\/fr\/wp-json\/wp\/v2\/users\/1"}],"replies":[{"embeddable":true,"href":"https:\/\/villa15-deluxe.de\/fr\/wp-json\/wp\/v2\/comments?post=2155"}],"version-history":[{"count":28,"href":"https:\/\/villa15-deluxe.de\/fr\/wp-json\/wp\/v2\/pages\/2155\/revisions"}],"predecessor-version":[{"id":11201,"href":"https:\/\/villa15-deluxe.de\/fr\/wp-json\/wp\/v2\/pages\/2155\/revisions\/11201"}],"wp:attachment":[{"href":"https:\/\/villa15-deluxe.de\/fr\/wp-json\/wp\/v2\/media?parent=2155"}],"curies":[{"name":"wp","href":"https:\/\/api.w.org\/{rel}","templated":true}]}}