{"id":9,"date":"2013-07-08T11:16:45","date_gmt":"2013-07-08T09:16:45","guid":{"rendered":"http:\/\/villa15-deluxe.de\/web\/?page_id=9"},"modified":"2025-06-05T16:23:37","modified_gmt":"2025-06-05T14:23:37","slug":"preise","status":"publish","type":"page","link":"https:\/\/villa15-deluxe.de\/fr\/preise\/","title":{"rendered":"prix"},"content":{"rendered":"<p>Nous sommes certifi\u00e9s par l&rsquo;Association f\u00e9d\u00e9rale des services sexuels (BSD) et approuv\u00e9s par l&rsquo;autorit\u00e9 de Fribourg conform\u00e9ment \u00e0 l&rsquo;article 12 de la loi sur la protection de la prostitution.<\/p>\n<p>les paiements par carte EC sont \u00e0 possibles.<\/p>\n<p><img loading=\"lazy\" class=\"alignnone size-full wp-image-5609\" src=\"http:\/\/villa15-deluxe.de\/wp-content\/uploads\/2013\/07\/girocard_neu_klein_s.jpg\" alt=\"\" width=\"200\" height=\"86\" \/><\/p>\n<p>* Les performances des dames sont des exemples offerts \u00e0 l&rsquo;\u00e9poque r\u00e9serv\u00e9e par les dames ind\u00e9pendantes elles-m\u00eames.<br \/>\nCertaines dames offrent avec des r\u00e9servations plus longues \u00e9galement un service suppl\u00e9mentaire inclus, qui sont \u00e0 discuter cependant seulement avec la dame personlich !!!<br \/>\n(Information sujette \u00e0 changement et sans garantie)<\/p>\n<table width=\"100%\" cellspacing=\"5\">\n<thead>\n<tr>\n<th>Service<\/th>\n<th>Dur\u00e9e<\/th>\n<th>Prix<\/th>\n<\/tr>\n<\/thead>\n<tbody>\n<tr>\n<td><\/td>\n<td><\/td>\n<td><\/td>\n<\/tr>\n<tr>\n<td>Lechez ou Pipe et rapport Sex<\/td>\n<td>15min.<\/td>\n<td>50 \u20ac<\/td>\n<\/tr>\n<tr>\n<td>Lechez et Pipe et rapport Sex<\/td>\n<td>15min.<\/td>\n<td>60 \u20ac<\/td>\n<\/tr>\n<tr>\n<td>Lechez ou Pipe et rapport Sex<\/td>\n<td>20min.<\/td>\n<td>70 \u20ac<\/td>\n<\/tr>\n<tr>\n<td>Lechez et Pipe &amp; rapport Sex<\/td>\n<td>20min.<\/td>\n<td>80 \u20ac<\/td>\n<\/tr>\n<tr>\n<td>Lechez et Pipe &amp; rapport Sex<br \/>\n&amp; Massage &amp; Champagner<\/td>\n<td>30min.<\/td>\n<td>100 \u20ac<\/td>\n<\/tr>\n<tr>\n<td>Lechez et Pipe &amp; rapport Sex<br \/>\n&amp; Massage &amp; Champagner<\/td>\n<td>45min.<\/td>\n<td>130 \u20ac<\/td>\n<\/tr>\n<tr>\n<td>Lechez et Pipe &amp; rapport Sex<br \/>\n&amp; Massage &amp; Champagner<\/td>\n<td>60min.<\/td>\n<td>150 \u20ac<\/td>\n<\/tr>\n<tr>\n<td><\/td>\n<td><\/td>\n<td><\/td>\n<\/tr>\n<\/tbody>\n<\/table>\n<h2>Deluxe Service<\/h2>\n<table width=\"95%\" cellspacing=\"5\">\n<thead>\n<tr>\n<th>Service<\/th>\n<th>Dur\u00e9e<\/th>\n<th>Prix<\/th>\n<\/tr>\n<\/thead>\n<tbody>\n<tr>\n<td>Deluxe Room im Whirlpool &amp; une femme,<br \/>\nLechez et Pipe &amp; rapport Sex<br \/>\n&amp; Massage &amp; Prosecco<\/td>\n<td>60min.<\/td>\n<td>160 \u20ac<\/td>\n<\/tr>\n<tr>\n<td>Deluxe Room im Whirlpool &amp; une femme,<br \/>\nLechez et Pipe &amp; rapport Sex<br \/>\n&amp; Massage &amp; 1 Fl 0,75 l Prosecco<\/td>\n<td>60min.<\/td>\n<td>180 \u20ac<\/td>\n<\/tr>\n<tr>\n<td>Deluxe Room im Whirlpool &amp; une femme,<br \/>\nLechez et Pipe &amp; rapport Sex<br \/>\n&amp; Massage &amp; 1 Fl 0,75 l <strong>Champagner <\/strong><\/td>\n<td>60min.<\/td>\n<td>200 \u20ac<\/td>\n<\/tr>\n<tr>\n<td>Deluxe Room im Whirlpool &amp; une femme,<br \/>\nLechez et Pipe &amp; rapport Sex\u00a0&amp; Massage<br \/>\n&amp; 0,75 l Champagner<strong> Moet &amp; Chandon Imperial<\/strong><\/td>\n<td>60min.<\/td>\n<td>310 \u20ac<\/td>\n<\/tr>\n<tr>\n<td>Deluxe Room im Whirlpool &amp; une femme,<br \/>\nLechez et Pipe &amp; rapport Sex\u00a0&amp; Massage<br \/>\n&amp; 0,75 l Champagner<strong> Moet &amp; Chandon ROSE <\/strong><\/td>\n<td>60min.<\/td>\n<td>320 \u20ac<\/td>\n<\/tr>\n<tr>\n<td>Deluxe Room im Whirlpool &amp; une femme,<br \/>\nLechez et Pipe &amp; rapport Sex\u00a0&amp; Massage<br \/>\n&amp; 0,75 l Champagner<strong> Moet &amp; Chandon Imperial ICE<\/strong><\/td>\n<td>60min.<\/td>\n<td>340 \u20ac<\/td>\n<\/tr>\n<tr>\n<td><\/td>\n<td><\/td>\n<td><\/td>\n<\/tr>\n<tr>\n<td><\/td>\n<td><\/td>\n<td><\/td>\n<\/tr>\n<\/tbody>\n<\/table>\n<h2>VIP Deluxe Service<\/h2>\n<table width=\"95%\" cellspacing=\"5\">\n<thead>\n<tr>\n<th>Service<\/th>\n<th>Dur\u00e9e<\/th>\n<th>Prix<\/th>\n<\/tr>\n<\/thead>\n<tbody>\n<tr>\n<td><strong><em>VIP Deluxe Room im Whirlpool <\/em>&amp; une femme,<\/strong><br \/>\nLechez et Pipe &amp; rapport Sex<br \/>\n&amp; Massage &amp; 0,75 l <strong>Moet &amp; Chandon Imperial<\/strong><\/td>\n<td>90min.<\/td>\n<td>350 \u20ac<\/td>\n<\/tr>\n<tr>\n<td><strong><em>VIP Deluxe Room im Whirlpool <\/em>&amp; une femme,<\/strong><br \/>\nLechez et Pipe &amp; rapport Sex<br \/>\n&amp; Massage &amp; 0,75 l <strong>Moet &amp; Chandon ROSE<\/strong><\/td>\n<td>90min.<\/td>\n<td>370 \u20ac<\/td>\n<\/tr>\n<tr>\n<td><strong><em>VIP Deluxe Room im Whirlpool <\/em>&amp; une femme,<\/strong><br \/>\nLechez et Pipe &amp; rapport Sex<br \/>\n&amp; Massage &amp; 0,75 l <strong>Moet &amp; Chandon ICE<\/strong><\/td>\n<td>90min.<\/td>\n<td>390 \u20ac<\/td>\n<\/tr>\n<tr>\n<td><\/td>\n<td><\/td>\n<td><\/td>\n<\/tr>\n<tr>\n<td><\/td>\n<td><\/td>\n<td><\/td>\n<\/tr>\n<\/tbody>\n<\/table>\n<h4>Service suppl\u00e9mentaire<\/h4>\n<h6>** SERVICE SUPPL\u00c9MENTAIRE APR\u00c8S R\u00c9F\u00c9RENCE AVEC LA DAME. ET LES PRIX DES EXTRAS SONT SP\u00c9CIAUX POUR N\u00c9GOCIER AVEC LA DAME LUI-M\u00caME.<br \/>\n(INFORMATIONS FOURNIES SANS GARANTIE)<\/h6>\n<table width=\"100%\" cellspacing=\"5\">\n<thead>\n<tr>\n<th>Service<\/th>\n<th><\/th>\n<th>prix<\/th>\n<\/tr>\n<tr>\n<td>Ins\u00e9mination corporelle<\/td>\n<td><\/td>\n<td>25 \u20ac<\/td>\n<\/tr>\n<tr>\n<td>ejaculation sur le visage<\/td>\n<td><\/td>\n<td>25 \u20ac<\/td>\n<\/tr>\n<tr>\n<td>jeux de gode<\/td>\n<td><\/td>\n<td>25 \u20ac<\/td>\n<\/tr>\n<tr>\n<td>Fingeranal avec vous<\/td>\n<td><\/td>\n<td>25 \u20ac<\/td>\n<\/tr>\n<tr>\n<td>Baisers \/ baisers avec la langue<\/td>\n<td><\/td>\n<td>25 \u20ac<\/td>\n<\/tr>\n<tr>\n<td>Douche dor\u00e9e<\/td>\n<td><\/td>\n<td>25 \u20ac<\/td>\n<\/tr>\n<tr>\n<td>\u00e9rotisme des seins<\/td>\n<td><\/td>\n<td>25 \u20ac<\/td>\n<\/tr>\n<tr>\n<td><span id=\"result_box\" class=\"short_text\" lang=\"fr\">R\u00f4le l\u00e9ger Jouer genre <span class=\"\">diff\u00e9rent chaque<\/span><\/span><\/td>\n<td><\/td>\n<td>25 \u20ac<\/td>\n<\/tr>\n<tr>\n<td>Deepthroat<\/td>\n<td><\/td>\n<td>25 \u20ac<\/td>\n<\/tr>\n<tr>\n<td>FingerAnal pour elle<\/td>\n<td><\/td>\n<td>25 \u20ac<\/td>\n<\/tr>\n<tr>\n<td>l\u00e9cher des testicules<\/td>\n<td><\/td>\n<td>25 \u20ac<\/td>\n<\/tr>\n<tr>\n<td>Assise sur le visage<\/td>\n<td><\/td>\n<td>25 \u20ac<\/td>\n<\/tr>\n<tr>\n<td>Bondage-l\u00e9g\u00e8re<\/td>\n<td><\/td>\n<td>25 \u20ac<\/td>\n<\/tr>\n<tr>\n<td>Fingeranal pour vous<\/td>\n<td><\/td>\n<td>25 \u20ac<\/td>\n<\/tr>\n<tr>\n<td>Girlfriendsex<\/td>\n<td><\/td>\n<td>25 \u20ac<\/td>\n<\/tr>\n<tr>\n<td>massage intime<\/td>\n<td><\/td>\n<td>25 \u20ac<\/td>\n<\/tr>\n<tr>\n<td>Branlette<\/td>\n<td><\/td>\n<td>25 \u20ac<\/td>\n<\/tr>\n<tr>\n<td>Massage de la prostate<\/td>\n<td><\/td>\n<td>25 \u20ac<\/td>\n<\/tr>\n<tr>\n<td>Fingeranal pour elle<\/td>\n<td><\/td>\n<td>25 \u20ac<\/td>\n<\/tr>\n<tr>\n<td>Gode ceinture<\/td>\n<td><\/td>\n<td>25 \u20ac<\/td>\n<\/tr>\n<tr>\n<td>Analsex<\/td>\n<td><\/td>\n<td>**<\/td>\n<\/tr>\n<tr>\n<td>costume laquer, cuir et latex<\/td>\n<td><\/td>\n<td>**<\/td>\n<\/tr>\n<tr>\n<td>Jeux f\u00e9tiches<\/td>\n<td><\/td>\n<td>**<\/td>\n<\/tr>\n<tr>\n<td>Fisting anale pour vous<\/td>\n<td><\/td>\n<td>**<\/td>\n<\/tr>\n<tr>\n<td><\/td>\n<td><\/td>\n<td><\/td>\n<\/tr>\n<tr>\n<td><strong>Chaque heure suppl\u00e9mentaire<\/strong><\/td>\n<td><\/td>\n<td><strong>140 \u20ac<\/strong><\/td>\n<\/tr>\n<\/thead>\n<\/table>\n<p><strong>INFORMATION<\/strong><\/p>\n<p>Possibilit\u00e9 de jouir plusieurs fois!<br \/>\nBoissons sans alcool sont gratuits!<\/p>\n<h2>Champagner<\/h2>\n<table width=\"100%\" cellspacing=\"5\">\n<thead>\n<tr>\n<th>Leistung<\/th>\n<th><\/th>\n<th>Preis<\/th>\n<\/tr>\n<tr>\n<td><em>Moet &amp; Chandon Champagner<br \/>\nBrut Imperial 0,75 l <\/em><\/td>\n<td><\/td>\n<td>150 \u20ac<\/td>\n<\/tr>\n<tr>\n<td><em>Moet &amp; Chandon Champagner<br \/>\nRose 0,75 l <\/em><\/td>\n<td><\/td>\n<td>160 \u20ac<\/td>\n<\/tr>\n<tr>\n<td><em>Moet &amp; Chandon Champagner<br \/>\nIce Imperial 0,75 l <\/em><\/td>\n<td><\/td>\n<td>180 \u20ac<\/td>\n<\/tr>\n<tr>\n<td><em>Moet &amp; Chandon Champagner<br \/>\nIce Ros\u00e9 Imperial 0,75 l <\/em><\/td>\n<td><\/td>\n<td>200 \u20ac<\/td>\n<\/tr>\n<tr>\n<td><em>Prosecco Gold Deluxe 0,75 l <\/em><\/td>\n<td><\/td>\n<td>50 \u20ac<\/td>\n<\/tr>\n<tr>\n<td><em>Brut Champagner 0,75 l <\/em><\/td>\n<td><\/td>\n<td>60 \u20ac<\/td>\n<\/tr>\n<\/thead>\n<\/table>\n<p>Cher invit\u00e9,<br \/>\n* Notes g\u00e9n\u00e9rales sur les travailleuses ind\u00e9pendantes:<\/p>\n<p>Veuillez noter que les femmes pr\u00e9sentes offrent leurs services en tant que femmes d&rsquo;affaires ind\u00e9pendantes et n&rsquo;ont aucun lien juridique avec Villa Deluxe \u00e0 Fribourg. Les accords contraignants concernant la nature du service, le montant de la r\u00e9mun\u00e9ration ainsi que les modalit\u00e9s de paiement sont exclusivement entre les femmes et leurs invit\u00e9s. Les services et pr\u00e9sentations sont effectu\u00e9s exclusivement pour le compte, les noms propres et le compte, les dames. Il n\u2019ya \u00e0 aucun moment de relation contractuelle justifi\u00e9e et aucune relation d\u2019affaires avec Villa Deluxe \u00e0 Fribourg. Les photos des dames sont fournies exclusivement par les dames en question. Ceux-ci sont seuls responsables de la pr\u00e9sentation. Toute la pr\u00e9sentation, les dames sur les sites de Villa Deluxe \u00e0 Fribourg, est faite exclusivement pour le compte.<\/p>\n<p>Pour les r\u00e9clamations, nous sommes \u00e0 votre disposition directement dans la maison ou discr\u00e8tement par email.<\/p>\n<p>Les rendez-vous sont possibles avec les dames seulement personnellement par t\u00e9l\u00e9phone et avec les dames elles-m\u00eames.<\/p>\n<p>La p\u00e9riode correspond aux temps de r\u00e9servation d\u00e9termin\u00e9s par les dames.<\/p>\n<p>En raison des \u00e9checs inattendus des dames, il est parfois possible que des changements de plans surviennent. Ainsi, nous ne pouvons pas garantir la pr\u00e9sence des dames.<br \/>\nNous vous demandons votre compr\u00e9hension.<\/p>","protected":false},"excerpt":{"rendered":"<p>Nous sommes certifi\u00e9s par l&rsquo;Association f\u00e9d\u00e9rale des services sexuels (BSD) et approuv\u00e9s par l&rsquo;autorit\u00e9 de Fribourg conform\u00e9ment \u00e0 l&rsquo;article 12 de la loi sur la protection de la&#8230;<\/p>\n","protected":false},"author":1,"featured_media":0,"parent":0,"menu_order":0,"comment_status":"closed","ping_status":"open","template":"","meta":[],"_links":{"self":[{"href":"https:\/\/villa15-deluxe.de\/fr\/wp-json\/wp\/v2\/pages\/9"}],"collection":[{"href":"https:\/\/villa15-deluxe.de\/fr\/wp-json\/wp\/v2\/pages"}],"about":[{"href":"https:\/\/villa15-deluxe.de\/fr\/wp-json\/wp\/v2\/types\/page"}],"author":[{"embeddable":true,"href":"https:\/\/villa15-deluxe.de\/fr\/wp-json\/wp\/v2\/users\/1"}],"replies":[{"embeddable":true,"href":"https:\/\/villa15-deluxe.de\/fr\/wp-json\/wp\/v2\/comments?post=9"}],"version-history":[{"count":143,"href":"https:\/\/villa15-deluxe.de\/fr\/wp-json\/wp\/v2\/pages\/9\/revisions"}],"predecessor-version":[{"id":13800,"href":"https:\/\/villa15-deluxe.de\/fr\/wp-json\/wp\/v2\/pages\/9\/revisions\/13800"}],"wp:attachment":[{"href":"https:\/\/villa15-deluxe.de\/fr\/wp-json\/wp\/v2\/media?parent=9"}],"curies":[{"name":"wp","href":"https:\/\/api.w.org\/{rel}","templated":true}]}}